{"id":22,"date":"2016-03-22T00:17:04","date_gmt":"2016-03-21T23:17:04","guid":{"rendered":"http:\/\/fomentculturacornella.cat\/fomentculturacornella\/?page_id=22"},"modified":"2022-05-14T20:44:11","modified_gmt":"2022-05-14T18:44:11","slug":"gralles-i-tabals-de-gegants","status":"publish","type":"page","link":"https:\/\/fomentculturacornella.cat\/index.php\/entitat-cultural-de-cornella-de-llobregat\/gralles-i-tabals-de-gegants\/","title":{"rendered":"Gralles i tabals de gegants"},"content":{"rendered":"<p>La m\u00fasica de gegants \u00e9s un component indispensable al m\u00f3n geganter, ja que els gegants surten a ballar i passejar pels pobles i ciutats, celebrant que \u00e9s festa.<\/p>\n<p>El nostre grup no deixa de evolucionar, de millorar, i cada ball \u00e9s tota una demostraci\u00f3 de la feina feta als assaigs.<\/p>\n<p>Aqu\u00ed tens una petita mostra: <a href=\"https:\/\/www.facebook.com\/tabalers.decua.75\/videos\/1158408354192113\/\" target=\"_blank\" rel=\"noopener\">v\u00eddeo<\/a><\/p>\n","protected":false},"excerpt":{"rendered":"<p>La m\u00fasica de gegants \u00e9s un component indispensable al m\u00f3n geganter, ja que els gegants surten a ballar i passejar pels pobles i ciutats, celebrant que \u00e9s festa. El nostre grup no deixa de evolucionar, de millorar, i cada ball \u00e9s tota una demostraci\u00f3 de la feina feta als assaigs. Aqu\u00ed tens una petita mostra: &hellip; <a href=\"https:\/\/fomentculturacornella.cat\/index.php\/entitat-cultural-de-cornella-de-llobregat\/gralles-i-tabals-de-gegants\/\" class=\"more-link\">Continua llegint <span class=\"screen-reader-text\">\u00abGralles i tabals de gegants\u00bb<\/span><\/a><\/p>\n","protected":false},"author":1,"featured_media":0,"parent":6,"menu_order":0,"comment_status":"closed","ping_status":"closed","template":"","meta":{"jetpack_post_was_ever_published":false},"jetpack_sharing_enabled":true,"jetpack_shortlink":"https:\/\/wp.me\/P7uPvF-m","jetpack-related-posts":[{"id":14,"url":"https:\/\/fomentculturacornella.cat\/index.php\/entitat-cultural-de-cornella-de-llobregat\/geganters-de-cornella\/","url_meta":{"origin":22,"position":0},"title":"Geganters de Cornell\u00e0","date":"22 de mar\u00e7 de 2016","format":false,"excerpt":"A la ciutat de Cornell\u00e0 tenim quatre gegants. El dos m\u00e9s antics, el Corneli i la Miranda, van ser adquirits per l\u2019ajuntament al 1953 i batejats al 1991. Han estat restaurats al 2018 i estan exposats a la Biblioteca Marta Mata (Titan). Els m\u00e9s nous, el Cornelius i la Fontsanta,\u2026","rel":"","context":"Similar post","img":{"alt_text":"","src":"https:\/\/i0.wp.com\/fomentculturacornella.cat\/wp-content\/uploads\/2018\/02\/104-0455_IMG-2.jpg?resize=350%2C200","width":350,"height":200},"classes":[]},{"id":6,"url":"https:\/\/fomentculturacornella.cat\/","url_meta":{"origin":22,"position":1},"title":"\u00a0\u00a0 Aquesta entitat va ser\u2026","date":"21 de mar\u00e7 de 2016","format":false,"excerpt":"\u00a0\u00a0 Aquesta entitat va ser fundada al 1995 per Francesc Ferm\u00edn, qui va fer una aposta per la cultura popular a la nostra ciutat. Va tenir la valentia de fer-se c\u00e0rrec dels gegants de la ciutat, tot un repte, i tamb\u00e9 va encarregar la construcci\u00f3 dels cinc dracs que a\u2026","rel":"","context":"Similar post","img":{"alt_text":"","src":"https:\/\/i0.wp.com\/fomentculturacornella.cat\/wp-content\/uploads\/2016\/03\/DSCN1133-300x225.jpg?resize=350%2C200","width":350,"height":200},"classes":[]}],"_links":{"self":[{"href":"https:\/\/fomentculturacornella.cat\/index.php\/wp-json\/wp\/v2\/pages\/22"}],"collection":[{"href":"https:\/\/fomentculturacornella.cat\/index.php\/wp-json\/wp\/v2\/pages"}],"about":[{"href":"https:\/\/fomentculturacornella.cat\/index.php\/wp-json\/wp\/v2\/types\/page"}],"author":[{"embeddable":true,"href":"https:\/\/fomentculturacornella.cat\/index.php\/wp-json\/wp\/v2\/users\/1"}],"replies":[{"embeddable":true,"href":"https:\/\/fomentculturacornella.cat\/index.php\/wp-json\/wp\/v2\/comments?post=22"}],"version-history":[{"count":1,"href":"https:\/\/fomentculturacornella.cat\/index.php\/wp-json\/wp\/v2\/pages\/22\/revisions"}],"predecessor-version":[{"id":938,"href":"https:\/\/fomentculturacornella.cat\/index.php\/wp-json\/wp\/v2\/pages\/22\/revisions\/938"}],"up":[{"embeddable":true,"href":"https:\/\/fomentculturacornella.cat\/index.php\/wp-json\/wp\/v2\/pages\/6"}],"wp:attachment":[{"href":"https:\/\/fomentculturacornella.cat\/index.php\/wp-json\/wp\/v2\/media?parent=22"}],"curies":[{"name":"wp","href":"https:\/\/api.w.org\/{rel}","templated":true}]}}