{"id":33,"date":"2016-03-22T00:39:54","date_gmt":"2016-03-21T23:39:54","guid":{"rendered":"http:\/\/fomentculturacornella.cat\/fomentculturacornella\/?page_id=33"},"modified":"2022-05-23T21:57:22","modified_gmt":"2022-05-23T19:57:22","slug":"drac-daigua","status":"publish","type":"page","link":"https:\/\/fomentculturacornella.cat\/index.php\/drac-daigua\/","title":{"rendered":"Drac D&#8217;Aigua"},"content":{"rendered":"<p>El nostre Drac D&#8217;aigua es torna protagonista amb el bon temps. Referesca qualsevol festa o cercavila amb els seus sortidors d&#8217;aigua i la seva mobilitat. Va acompanyat dels nostres diables i diablesses aiguadors, que s\u00f3n molt entremaliats\/es i els\/les agrada mullar a tothom.<\/p>\n<div style=\"width: 840px;\" class=\"wp-video\"><!--[if lt IE 9]><script>document.createElement('video');<\/script><![endif]-->\n<video class=\"wp-video-shortcode\" id=\"video-33-1\" width=\"840\" height=\"473\" preload=\"metadata\" controls=\"controls\"><source type=\"video\/mp4\" src=\"https:\/\/fomentculturacornella.cat\/wp-content\/uploads\/2022\/05\/VID_20220514_104859.mp4?_=1\" \/><a href=\"https:\/\/fomentculturacornella.cat\/wp-content\/uploads\/2022\/05\/VID_20220514_104859.mp4\">https:\/\/fomentculturacornella.cat\/wp-content\/uploads\/2022\/05\/VID_20220514_104859.mp4<\/a><\/video><\/div>\n","protected":false},"excerpt":{"rendered":"<p>El nostre Drac D&#8217;aigua es torna protagonista amb el bon temps. Referesca qualsevol festa o cercavila amb els seus sortidors d&#8217;aigua i la seva mobilitat. Va acompanyat dels nostres diables i diablesses aiguadors, que s\u00f3n molt entremaliats\/es i els\/les agrada mullar a tothom.<\/p>\n","protected":false},"author":1,"featured_media":0,"parent":0,"menu_order":0,"comment_status":"closed","ping_status":"closed","template":"","meta":{"jetpack_post_was_ever_published":false},"jetpack_sharing_enabled":true,"jetpack_shortlink":"https:\/\/wp.me\/P7uPvF-x","jetpack-related-posts":[{"id":35,"url":"https:\/\/fomentculturacornella.cat\/index.php\/tabalers-de-cua-de-drac\/","url_meta":{"origin":33,"position":0},"title":"Tabals de Cua de Drac","date":"22 de mar\u00e7 de 2016","format":false,"excerpt":"Els Tabals de Cua van n\u00e9ixer per acompanyar als Dracs de Cua a les seves actuacions. Als seus inicis, el grup estava format per un grapat de joves, que van ser formats pel mestre Jaume Vendrell. Al llarg dels anys, la composici\u00f3 del grup ha anat canviat fins a arribar\u2026","rel":"","context":"In &quot;Sin categor\u00eda&quot;","img":{"alt_text":"","src":"","width":0,"height":0},"classes":[]},{"id":249,"url":"https:\/\/fomentculturacornella.cat\/index.php\/diablets-de-cua\/","url_meta":{"origin":33,"position":1},"title":"Diablets de Cua","date":"28 de maig de 2017","format":false,"excerpt":"El 27 de maig van ser presentats a la ciutat de Cornell\u00e0 els Diablets de Cua, la colla de diables i diablesses infantil de Cua de Drac (Foment de Cultura Popular de Cornell\u00e0). Van ser apadrinats per la Companyia General del Foc de Gav\u00e0 i com a colles infantils convidades\u2026","rel":"","context":"Similar post","img":{"alt_text":"","src":"","width":0,"height":0},"classes":[]},{"id":29,"url":"https:\/\/fomentculturacornella.cat\/index.php\/dracs-i-diables-de-cua\/","url_meta":{"origin":33,"position":2},"title":"Dracs i Diables de Cua","date":"22 de mar\u00e7 de 2016","format":false,"excerpt":"Amb la secci\u00f3 de Dracs va comen\u00e7ar tot. Aquests cinc dracs van ser els primers en cremar a la nostra colla. Semblen iguals, per\u00f2 hi ha petits matissos que els fan \u00fanics. Si us fixeu b\u00e9 trobareu les difer\u00e8ncies. Van ser creats pel Taller Sarandaca. \u00a0 La nostra secci\u00f3 de\u2026","rel":"","context":"Similar post","img":{"alt_text":"dracs","src":"https:\/\/i0.wp.com\/fomentculturacornella.cat\/wp-content\/uploads\/2016\/03\/dracs.jpg?resize=350%2C200","width":350,"height":200},"classes":[]},{"id":6,"url":"https:\/\/fomentculturacornella.cat\/","url_meta":{"origin":33,"position":3},"title":"\u00a0\u00a0 Aquesta entitat va ser\u2026","date":"21 de mar\u00e7 de 2016","format":false,"excerpt":"\u00a0\u00a0 Aquesta entitat va ser fundada al 1995 per Francesc Ferm\u00edn, qui va fer una aposta per la cultura popular a la nostra ciutat. Va tenir la valentia de fer-se c\u00e0rrec dels gegants de la ciutat, tot un repte, i tamb\u00e9 va encarregar la construcci\u00f3 dels cinc dracs que a\u2026","rel":"","context":"Similar post","img":{"alt_text":"","src":"https:\/\/i0.wp.com\/fomentculturacornella.cat\/wp-content\/uploads\/2016\/03\/DSCN1133-300x225.jpg?resize=350%2C200","width":350,"height":200},"classes":[]},{"id":14,"url":"https:\/\/fomentculturacornella.cat\/index.php\/entitat-cultural-de-cornella-de-llobregat\/geganters-de-cornella\/","url_meta":{"origin":33,"position":4},"title":"Geganters de Cornell\u00e0","date":"22 de mar\u00e7 de 2016","format":false,"excerpt":"A la ciutat de Cornell\u00e0 tenim quatre gegants. El dos m\u00e9s antics, el Corneli i la Miranda, van ser adquirits per l\u2019ajuntament al 1953 i batejats al 1991. Han estat restaurats al 2018 i estan exposats a la Biblioteca Marta Mata (Titan). Els m\u00e9s nous, el Cornelius i la Fontsanta,\u2026","rel":"","context":"Similar post","img":{"alt_text":"","src":"https:\/\/i0.wp.com\/fomentculturacornella.cat\/wp-content\/uploads\/2018\/02\/104-0455_IMG-2.jpg?resize=350%2C200","width":350,"height":200},"classes":[]},{"id":40,"url":"https:\/\/fomentculturacornella.cat\/index.php\/tabalers-de-cua-petits\/","url_meta":{"origin":33,"position":5},"title":"Tabals de Cua Petits","date":"22 de mar\u00e7 de 2016","format":false,"excerpt":"La nostra secci\u00f3 de tabals infantil est\u00e0 formada per nens i nenes de 5 a 12 anys. Aqu\u00ed els podeu veure en acci\u00f3 acompanyant als nostres Dracs de Cua!! Tabalers Infantils de Cua","rel":"","context":"In &quot;Sin categor\u00eda&quot;","img":{"alt_text":"","src":"https:\/\/i0.wp.com\/fomentculturacornella.cat\/wp-content\/uploads\/2022\/03\/IMG-20220313-WA0018.jpg?resize=350%2C200","width":350,"height":200},"classes":[]}],"_links":{"self":[{"href":"https:\/\/fomentculturacornella.cat\/index.php\/wp-json\/wp\/v2\/pages\/33"}],"collection":[{"href":"https:\/\/fomentculturacornella.cat\/index.php\/wp-json\/wp\/v2\/pages"}],"about":[{"href":"https:\/\/fomentculturacornella.cat\/index.php\/wp-json\/wp\/v2\/types\/page"}],"author":[{"embeddable":true,"href":"https:\/\/fomentculturacornella.cat\/index.php\/wp-json\/wp\/v2\/users\/1"}],"replies":[{"embeddable":true,"href":"https:\/\/fomentculturacornella.cat\/index.php\/wp-json\/wp\/v2\/comments?post=33"}],"version-history":[{"count":5,"href":"https:\/\/fomentculturacornella.cat\/index.php\/wp-json\/wp\/v2\/pages\/33\/revisions"}],"predecessor-version":[{"id":949,"href":"https:\/\/fomentculturacornella.cat\/index.php\/wp-json\/wp\/v2\/pages\/33\/revisions\/949"}],"wp:attachment":[{"href":"https:\/\/fomentculturacornella.cat\/index.php\/wp-json\/wp\/v2\/media?parent=33"}],"curies":[{"name":"wp","href":"https:\/\/api.w.org\/{rel}","templated":true}]}}