{"id":35,"date":"2016-03-22T00:41:00","date_gmt":"2016-03-21T23:41:00","guid":{"rendered":"http:\/\/fomentculturacornella.cat\/fomentculturacornella\/?page_id=35"},"modified":"2022-05-14T20:41:48","modified_gmt":"2022-05-14T18:41:48","slug":"tabalers-de-cua-de-drac","status":"publish","type":"page","link":"https:\/\/fomentculturacornella.cat\/index.php\/tabalers-de-cua-de-drac\/","title":{"rendered":"Tabals de Cua de Drac"},"content":{"rendered":"<p>Els Tabals de Cua van n\u00e9ixer per acompanyar als Dracs de Cua a les seves actuacions. Als seus inicis, el grup estava format per un grapat de joves, que van ser formats pel mestre Jaume Vendrell.<\/p>\n<p>Al llarg dels anys, la composici\u00f3 del grup ha anat canviat fins a arribar a la formaci\u00f3 actual, de 25 persones.<\/p>\n<p>A dia d\u2019avui el grup el formen un conjunt de fam\u00edlies, amb components de totes les edat a partir dels 12 anys. Els tabalers i tabaleres acompanyen als dracs, als diables i al drac d\u2019aigua, i tamb\u00e9 animen cercaviles, festes de barri o poble fent sonar els tabals all\u00e0 on hi hagi la possibilitat de passar una bona estona.<\/p>\n<p>Si els vols con\u00e8ixer millor pots visitar la seva p\u00e0gina de Facebook:<\/p>\n<p><a href=\"https:\/\/www.facebook.com\/TabalersDeCuaDeDrac\/\" target=\"_blank\" rel=\"noopener noreferrer\">Tabals de Cua de Drac<\/a><\/p>\n<p>El seu canal de Youtube:<\/p>\n<p><a href=\"https:\/\/www.youtube.com\/channel\/UCclJ1LvdzpO8VByDvQc3ymw\" target=\"_blank\" rel=\"noopener noreferrer\">Tabals de Cua de Drac<\/a><\/p>\n\n\n<p>El seu Instagram:<\/p>\n\n\n\n<p><a href=\"https:\/\/www.instagram.com\/tabals_de_cua\/?hl=es\" data-type=\"URL\" data-id=\"https:\/\/www.instagram.com\/tabals_de_cua\/?hl=es\" target=\"_blank\" rel=\"noreferrer noopener\">Tabals de Cua<\/a><\/p>\n\n\n\n<p><\/p>\n","protected":false},"excerpt":{"rendered":"<p>Els Tabals de Cua van n\u00e9ixer per acompanyar als Dracs de Cua a les seves actuacions. Als seus inicis, el grup estava format per un grapat de joves, que van ser formats pel mestre Jaume Vendrell. Al llarg dels anys, la composici\u00f3 del grup ha anat canviat fins a arribar a la formaci\u00f3 actual, de &hellip; <a href=\"https:\/\/fomentculturacornella.cat\/index.php\/tabalers-de-cua-de-drac\/\" class=\"more-link\">Continua llegint <span class=\"screen-reader-text\">\u00abTabals de Cua de Drac\u00bb<\/span><\/a><\/p>\n","protected":false},"author":1,"featured_media":0,"parent":0,"menu_order":0,"comment_status":"closed","ping_status":"closed","template":"","meta":{"jetpack_post_was_ever_published":false},"jetpack_sharing_enabled":true,"jetpack_shortlink":"https:\/\/wp.me\/P7uPvF-z","jetpack-related-posts":[{"id":40,"url":"https:\/\/fomentculturacornella.cat\/index.php\/tabalers-de-cua-petits\/","url_meta":{"origin":35,"position":0},"title":"Tabals de Cua Petits","date":"22 de mar\u00e7 de 2016","format":false,"excerpt":"La nostra secci\u00f3 de tabals infantil est\u00e0 formada per nens i nenes de 5 a 12 anys. Aqu\u00ed els podeu veure en acci\u00f3 acompanyant als nostres Dracs de Cua!! Tabalers Infantils de Cua","rel":"","context":"In &quot;Sin categor\u00eda&quot;","img":{"alt_text":"","src":"https:\/\/i0.wp.com\/fomentculturacornella.cat\/wp-content\/uploads\/2022\/03\/IMG-20220313-WA0018.jpg?resize=350%2C200","width":350,"height":200},"classes":[]},{"id":6,"url":"https:\/\/fomentculturacornella.cat\/","url_meta":{"origin":35,"position":1},"title":"\u00a0\u00a0 Aquesta entitat va ser\u2026","date":"21 de mar\u00e7 de 2016","format":false,"excerpt":"\u00a0\u00a0 Aquesta entitat va ser fundada al 1995 per Francesc Ferm\u00edn, qui va fer una aposta per la cultura popular a la nostra ciutat. Va tenir la valentia de fer-se c\u00e0rrec dels gegants de la ciutat, tot un repte, i tamb\u00e9 va encarregar la construcci\u00f3 dels cinc dracs que a\u2026","rel":"","context":"Similar post","img":{"alt_text":"","src":"https:\/\/i0.wp.com\/fomentculturacornella.cat\/wp-content\/uploads\/2016\/03\/DSCN1133-300x225.jpg?resize=350%2C200","width":350,"height":200},"classes":[]},{"id":22,"url":"https:\/\/fomentculturacornella.cat\/index.php\/entitat-cultural-de-cornella-de-llobregat\/gralles-i-tabals-de-gegants\/","url_meta":{"origin":35,"position":2},"title":"Gralles i tabals de gegants","date":"22 de mar\u00e7 de 2016","format":false,"excerpt":"La m\u00fasica de gegants \u00e9s un component indispensable al m\u00f3n geganter, ja que els gegants surten a ballar i passejar pels pobles i ciutats, celebrant que \u00e9s festa. El nostre grup no deixa de evolucionar, de millorar, i cada ball \u00e9s tota una demostraci\u00f3 de la feina feta als assaigs.\u2026","rel":"","context":"Similar post","img":{"alt_text":"","src":"","width":0,"height":0},"classes":[]},{"id":33,"url":"https:\/\/fomentculturacornella.cat\/index.php\/drac-daigua\/","url_meta":{"origin":35,"position":3},"title":"Drac D&#8217;Aigua","date":"22 de mar\u00e7 de 2016","format":false,"excerpt":"El nostre Drac D'aigua es torna protagonista amb el bon temps. Referesca qualsevol festa o cercavila amb els seus sortidors d'aigua i la seva mobilitat. Va acompanyat dels nostres diables i diablesses aiguadors, que s\u00f3n molt entremaliats\/es i els\/les agrada mullar a tothom.","rel":"","context":"Similar post","img":{"alt_text":"","src":"","width":0,"height":0},"classes":[]},{"id":29,"url":"https:\/\/fomentculturacornella.cat\/index.php\/dracs-i-diables-de-cua\/","url_meta":{"origin":35,"position":4},"title":"Dracs i Diables de Cua","date":"22 de mar\u00e7 de 2016","format":false,"excerpt":"Amb la secci\u00f3 de Dracs va comen\u00e7ar tot. Aquests cinc dracs van ser els primers en cremar a la nostra colla. Semblen iguals, per\u00f2 hi ha petits matissos que els fan \u00fanics. Si us fixeu b\u00e9 trobareu les difer\u00e8ncies. Van ser creats pel Taller Sarandaca. \u00a0 La nostra secci\u00f3 de\u2026","rel":"","context":"Similar post","img":{"alt_text":"dracs","src":"https:\/\/i0.wp.com\/fomentculturacornella.cat\/wp-content\/uploads\/2016\/03\/dracs.jpg?resize=350%2C200","width":350,"height":200},"classes":[]},{"id":249,"url":"https:\/\/fomentculturacornella.cat\/index.php\/diablets-de-cua\/","url_meta":{"origin":35,"position":5},"title":"Diablets de Cua","date":"28 de maig de 2017","format":false,"excerpt":"El 27 de maig van ser presentats a la ciutat de Cornell\u00e0 els Diablets de Cua, la colla de diables i diablesses infantil de Cua de Drac (Foment de Cultura Popular de Cornell\u00e0). Van ser apadrinats per la Companyia General del Foc de Gav\u00e0 i com a colles infantils convidades\u2026","rel":"","context":"Similar post","img":{"alt_text":"","src":"","width":0,"height":0},"classes":[]}],"_links":{"self":[{"href":"https:\/\/fomentculturacornella.cat\/index.php\/wp-json\/wp\/v2\/pages\/35"}],"collection":[{"href":"https:\/\/fomentculturacornella.cat\/index.php\/wp-json\/wp\/v2\/pages"}],"about":[{"href":"https:\/\/fomentculturacornella.cat\/index.php\/wp-json\/wp\/v2\/types\/page"}],"author":[{"embeddable":true,"href":"https:\/\/fomentculturacornella.cat\/index.php\/wp-json\/wp\/v2\/users\/1"}],"replies":[{"embeddable":true,"href":"https:\/\/fomentculturacornella.cat\/index.php\/wp-json\/wp\/v2\/comments?post=35"}],"version-history":[{"count":9,"href":"https:\/\/fomentculturacornella.cat\/index.php\/wp-json\/wp\/v2\/pages\/35\/revisions"}],"predecessor-version":[{"id":937,"href":"https:\/\/fomentculturacornella.cat\/index.php\/wp-json\/wp\/v2\/pages\/35\/revisions\/937"}],"wp:attachment":[{"href":"https:\/\/fomentculturacornella.cat\/index.php\/wp-json\/wp\/v2\/media?parent=35"}],"curies":[{"name":"wp","href":"https:\/\/api.w.org\/{rel}","templated":true}]}}