{"id":6,"date":"2016-03-21T23:47:53","date_gmt":"2016-03-21T22:47:53","guid":{"rendered":"http:\/\/fomentculturacornella.cat\/fomentculturacornella\/?page_id=6"},"modified":"2022-05-14T20:11:15","modified_gmt":"2022-05-14T18:11:15","slug":"entitat-cultural-de-cornella-de-llobregat","status":"publish","type":"page","link":"https:\/\/fomentculturacornella.cat\/","title":{"rendered":""},"content":{"rendered":"<p><img data-attachment-id=\"72\" data-permalink=\"https:\/\/fomentculturacornella.cat\/index.php\/entitat-cultural-de-cornella-de-llobregat\/dscn1133\/\" data-orig-file=\"https:\/\/i0.wp.com\/fomentculturacornella.cat\/wp-content\/uploads\/2016\/03\/DSCN1133.jpg?fit=3264%2C2448&amp;ssl=1\" data-orig-size=\"3264,2448\" data-comments-opened=\"1\" data-image-meta=\"{&quot;aperture&quot;:&quot;4.7&quot;,&quot;credit&quot;:&quot;&quot;,&quot;camera&quot;:&quot;COOLPIX P530&quot;,&quot;caption&quot;:&quot;&quot;,&quot;created_timestamp&quot;:&quot;1436640615&quot;,&quot;copyright&quot;:&quot;&quot;,&quot;focal_length&quot;:&quot;49.1&quot;,&quot;iso&quot;:&quot;320&quot;,&quot;shutter_speed&quot;:&quot;0.005&quot;,&quot;title&quot;:&quot;&quot;,&quot;orientation&quot;:&quot;1&quot;}\" data-image-title=\"DSCN1133\" data-image-description=\"\" data-image-caption=\"\" data-medium-file=\"https:\/\/i0.wp.com\/fomentculturacornella.cat\/wp-content\/uploads\/2016\/03\/DSCN1133.jpg?fit=300%2C225&amp;ssl=1\" data-large-file=\"https:\/\/i0.wp.com\/fomentculturacornella.cat\/wp-content\/uploads\/2016\/03\/DSCN1133.jpg?fit=840%2C630&amp;ssl=1\" decoding=\"async\" loading=\"lazy\" class=\"wp-image-72  alignleft\" src=\"https:\/\/i0.wp.com\/fomentculturacornella.cat\/wp-content\/uploads\/2016\/03\/DSCN1133.jpg?resize=289%2C217&#038;ssl=1\" alt=\"DSCN1133\" width=\"289\" height=\"217\" srcset=\"https:\/\/i0.wp.com\/fomentculturacornella.cat\/wp-content\/uploads\/2016\/03\/DSCN1133.jpg?resize=300%2C225&amp;ssl=1 300w, https:\/\/i0.wp.com\/fomentculturacornella.cat\/wp-content\/uploads\/2016\/03\/DSCN1133.jpg?resize=768%2C576&amp;ssl=1 768w, https:\/\/i0.wp.com\/fomentculturacornella.cat\/wp-content\/uploads\/2016\/03\/DSCN1133.jpg?resize=1024%2C768&amp;ssl=1 1024w, https:\/\/i0.wp.com\/fomentculturacornella.cat\/wp-content\/uploads\/2016\/03\/DSCN1133.jpg?resize=1200%2C900&amp;ssl=1 1200w, https:\/\/i0.wp.com\/fomentculturacornella.cat\/wp-content\/uploads\/2016\/03\/DSCN1133.jpg?w=1680&amp;ssl=1 1680w, https:\/\/i0.wp.com\/fomentculturacornella.cat\/wp-content\/uploads\/2016\/03\/DSCN1133.jpg?w=2520&amp;ssl=1 2520w\" sizes=\"(max-width: 289px) 85vw, 289px\" data-recalc-dims=\"1\" \/> \u00a0\u00a0 <img data-attachment-id=\"913\" data-permalink=\"https:\/\/fomentculturacornella.cat\/index.php\/2022\/03\/13\/6a-cursa-de-la-dona-cornella-de-llobregat\/img-20220313-wa0018\/\" data-orig-file=\"https:\/\/i0.wp.com\/fomentculturacornella.cat\/wp-content\/uploads\/2022\/03\/IMG-20220313-WA0018.jpg?fit=1600%2C1196&amp;ssl=1\" data-orig-size=\"1600,1196\" data-comments-opened=\"0\" data-image-meta=\"{&quot;aperture&quot;:&quot;0&quot;,&quot;credit&quot;:&quot;&quot;,&quot;camera&quot;:&quot;&quot;,&quot;caption&quot;:&quot;&quot;,&quot;created_timestamp&quot;:&quot;0&quot;,&quot;copyright&quot;:&quot;&quot;,&quot;focal_length&quot;:&quot;0&quot;,&quot;iso&quot;:&quot;0&quot;,&quot;shutter_speed&quot;:&quot;0&quot;,&quot;title&quot;:&quot;&quot;,&quot;orientation&quot;:&quot;0&quot;}\" data-image-title=\"IMG-20220313-WA0018\" data-image-description=\"\" data-image-caption=\"\" data-medium-file=\"https:\/\/i0.wp.com\/fomentculturacornella.cat\/wp-content\/uploads\/2022\/03\/IMG-20220313-WA0018.jpg?fit=300%2C224&amp;ssl=1\" data-large-file=\"https:\/\/i0.wp.com\/fomentculturacornella.cat\/wp-content\/uploads\/2022\/03\/IMG-20220313-WA0018.jpg?fit=840%2C628&amp;ssl=1\" decoding=\"async\" loading=\"lazy\" class=\"wp-image-913  alignright\" src=\"https:\/\/i0.wp.com\/fomentculturacornella.cat\/wp-content\/uploads\/2022\/03\/IMG-20220313-WA0018.jpg?resize=287%2C214&#038;ssl=1\" alt=\"\" width=\"287\" height=\"214\" srcset=\"https:\/\/i0.wp.com\/fomentculturacornella.cat\/wp-content\/uploads\/2022\/03\/IMG-20220313-WA0018.jpg?resize=300%2C224&amp;ssl=1 300w, https:\/\/i0.wp.com\/fomentculturacornella.cat\/wp-content\/uploads\/2022\/03\/IMG-20220313-WA0018.jpg?resize=1024%2C765&amp;ssl=1 1024w, https:\/\/i0.wp.com\/fomentculturacornella.cat\/wp-content\/uploads\/2022\/03\/IMG-20220313-WA0018.jpg?resize=768%2C574&amp;ssl=1 768w, https:\/\/i0.wp.com\/fomentculturacornella.cat\/wp-content\/uploads\/2022\/03\/IMG-20220313-WA0018.jpg?resize=1536%2C1148&amp;ssl=1 1536w, https:\/\/i0.wp.com\/fomentculturacornella.cat\/wp-content\/uploads\/2022\/03\/IMG-20220313-WA0018.jpg?resize=1200%2C897&amp;ssl=1 1200w, https:\/\/i0.wp.com\/fomentculturacornella.cat\/wp-content\/uploads\/2022\/03\/IMG-20220313-WA0018.jpg?w=1600&amp;ssl=1 1600w\" sizes=\"(max-width: 287px) 85vw, 287px\" data-recalc-dims=\"1\" \/><\/p>\n<p><img data-attachment-id=\"67\" data-permalink=\"https:\/\/fomentculturacornella.cat\/index.php\/entitat-cultural-de-cornella-de-llobregat\/dscn7350\/\" data-orig-file=\"https:\/\/i0.wp.com\/fomentculturacornella.cat\/wp-content\/uploads\/2016\/03\/DSCN7350.jpg?fit=3264%2C2448&amp;ssl=1\" data-orig-size=\"3264,2448\" data-comments-opened=\"1\" data-image-meta=\"{&quot;aperture&quot;:&quot;3.7&quot;,&quot;credit&quot;:&quot;&quot;,&quot;camera&quot;:&quot;COOLPIX P530&quot;,&quot;caption&quot;:&quot;&quot;,&quot;created_timestamp&quot;:&quot;1452373874&quot;,&quot;copyright&quot;:&quot;&quot;,&quot;focal_length&quot;:&quot;9.8&quot;,&quot;iso&quot;:&quot;400&quot;,&quot;shutter_speed&quot;:&quot;0.02&quot;,&quot;title&quot;:&quot;&quot;,&quot;orientation&quot;:&quot;1&quot;}\" data-image-title=\"DSCN7350\" data-image-description=\"\" data-image-caption=\"\" data-medium-file=\"https:\/\/i0.wp.com\/fomentculturacornella.cat\/wp-content\/uploads\/2016\/03\/DSCN7350.jpg?fit=300%2C225&amp;ssl=1\" data-large-file=\"https:\/\/i0.wp.com\/fomentculturacornella.cat\/wp-content\/uploads\/2016\/03\/DSCN7350.jpg?fit=840%2C630&amp;ssl=1\" decoding=\"async\" loading=\"lazy\" class=\"wp-image-67  alignright\" src=\"https:\/\/i0.wp.com\/fomentculturacornella.cat\/wp-content\/uploads\/2016\/03\/DSCN7350.jpg?resize=291%2C219&#038;ssl=1\" alt=\"DSCN7350\" width=\"291\" height=\"219\" srcset=\"https:\/\/i0.wp.com\/fomentculturacornella.cat\/wp-content\/uploads\/2016\/03\/DSCN7350.jpg?resize=300%2C225&amp;ssl=1 300w, https:\/\/i0.wp.com\/fomentculturacornella.cat\/wp-content\/uploads\/2016\/03\/DSCN7350.jpg?resize=768%2C576&amp;ssl=1 768w, https:\/\/i0.wp.com\/fomentculturacornella.cat\/wp-content\/uploads\/2016\/03\/DSCN7350.jpg?resize=1024%2C768&amp;ssl=1 1024w, https:\/\/i0.wp.com\/fomentculturacornella.cat\/wp-content\/uploads\/2016\/03\/DSCN7350.jpg?resize=1200%2C900&amp;ssl=1 1200w, https:\/\/i0.wp.com\/fomentculturacornella.cat\/wp-content\/uploads\/2016\/03\/DSCN7350.jpg?w=1680&amp;ssl=1 1680w, https:\/\/i0.wp.com\/fomentculturacornella.cat\/wp-content\/uploads\/2016\/03\/DSCN7350.jpg?w=2520&amp;ssl=1 2520w\" sizes=\"(max-width: 291px) 85vw, 291px\" data-recalc-dims=\"1\" \/><\/p>\n<p><img data-attachment-id=\"917\" data-permalink=\"https:\/\/fomentculturacornella.cat\/index.php\/entitat-cultural-de-cornella-de-llobregat\/1024px-gegants_de_cornella_de_llobregat_2018\/\" data-orig-file=\"https:\/\/i0.wp.com\/fomentculturacornella.cat\/wp-content\/uploads\/2022\/05\/1024px-Gegants_de_Cornella_de_Llobregat_2018.jpg?fit=1024%2C768&amp;ssl=1\" data-orig-size=\"1024,768\" data-comments-opened=\"0\" data-image-meta=\"{&quot;aperture&quot;:&quot;0&quot;,&quot;credit&quot;:&quot;&quot;,&quot;camera&quot;:&quot;&quot;,&quot;caption&quot;:&quot;&quot;,&quot;created_timestamp&quot;:&quot;0&quot;,&quot;copyright&quot;:&quot;&quot;,&quot;focal_length&quot;:&quot;0&quot;,&quot;iso&quot;:&quot;0&quot;,&quot;shutter_speed&quot;:&quot;0&quot;,&quot;title&quot;:&quot;&quot;,&quot;orientation&quot;:&quot;0&quot;}\" data-image-title=\"1024px-Gegants_de_Cornell\u00e0_de_Llobregat_(2018)\" data-image-description=\"\" data-image-caption=\"\" data-medium-file=\"https:\/\/i0.wp.com\/fomentculturacornella.cat\/wp-content\/uploads\/2022\/05\/1024px-Gegants_de_Cornella_de_Llobregat_2018.jpg?fit=300%2C225&amp;ssl=1\" data-large-file=\"https:\/\/i0.wp.com\/fomentculturacornella.cat\/wp-content\/uploads\/2022\/05\/1024px-Gegants_de_Cornella_de_Llobregat_2018.jpg?fit=840%2C630&amp;ssl=1\" decoding=\"async\" loading=\"lazy\" class=\"wp-image-917  alignleft\" src=\"https:\/\/i0.wp.com\/fomentculturacornella.cat\/wp-content\/uploads\/2022\/05\/1024px-Gegants_de_Cornella_de_Llobregat_2018.jpg?resize=288%2C216&#038;ssl=1\" alt=\"\" width=\"288\" height=\"216\" srcset=\"https:\/\/i0.wp.com\/fomentculturacornella.cat\/wp-content\/uploads\/2022\/05\/1024px-Gegants_de_Cornella_de_Llobregat_2018.jpg?resize=300%2C225&amp;ssl=1 300w, https:\/\/i0.wp.com\/fomentculturacornella.cat\/wp-content\/uploads\/2022\/05\/1024px-Gegants_de_Cornella_de_Llobregat_2018.jpg?resize=768%2C576&amp;ssl=1 768w, https:\/\/i0.wp.com\/fomentculturacornella.cat\/wp-content\/uploads\/2022\/05\/1024px-Gegants_de_Cornella_de_Llobregat_2018.jpg?w=1024&amp;ssl=1 1024w\" sizes=\"(max-width: 288px) 85vw, 288px\" data-recalc-dims=\"1\" \/><\/p>\n<p><img data-attachment-id=\"919\" data-permalink=\"https:\/\/fomentculturacornella.cat\/index.php\/entitat-cultural-de-cornella-de-llobregat\/img_20220313_102106\/\" data-orig-file=\"https:\/\/i0.wp.com\/fomentculturacornella.cat\/wp-content\/uploads\/2022\/05\/IMG_20220313_102106-scaled.jpg?fit=2560%2C1152&amp;ssl=1\" data-orig-size=\"2560,1152\" data-comments-opened=\"0\" data-image-meta=\"{&quot;aperture&quot;:&quot;1.9&quot;,&quot;credit&quot;:&quot;&quot;,&quot;camera&quot;:&quot;M2101K6G&quot;,&quot;caption&quot;:&quot;&quot;,&quot;created_timestamp&quot;:&quot;1647166867&quot;,&quot;copyright&quot;:&quot;&quot;,&quot;focal_length&quot;:&quot;6.04&quot;,&quot;iso&quot;:&quot;50&quot;,&quot;shutter_speed&quot;:&quot;0.0033112582781457&quot;,&quot;title&quot;:&quot;&quot;,&quot;orientation&quot;:&quot;1&quot;}\" data-image-title=\"IMG_20220313_102106\" data-image-description=\"\" data-image-caption=\"\" data-medium-file=\"https:\/\/i0.wp.com\/fomentculturacornella.cat\/wp-content\/uploads\/2022\/05\/IMG_20220313_102106-scaled.jpg?fit=300%2C135&amp;ssl=1\" data-large-file=\"https:\/\/i0.wp.com\/fomentculturacornella.cat\/wp-content\/uploads\/2022\/05\/IMG_20220313_102106-scaled.jpg?fit=840%2C378&amp;ssl=1\" decoding=\"async\" loading=\"lazy\" class=\"wp-image-919  aligncenter\" src=\"https:\/\/i0.wp.com\/fomentculturacornella.cat\/wp-content\/uploads\/2022\/05\/IMG_20220313_102106.jpg?resize=378%2C170&#038;ssl=1\" alt=\"\" width=\"378\" height=\"170\" srcset=\"https:\/\/i0.wp.com\/fomentculturacornella.cat\/wp-content\/uploads\/2022\/05\/IMG_20220313_102106-scaled.jpg?resize=300%2C135&amp;ssl=1 300w, https:\/\/i0.wp.com\/fomentculturacornella.cat\/wp-content\/uploads\/2022\/05\/IMG_20220313_102106-scaled.jpg?resize=1024%2C461&amp;ssl=1 1024w, https:\/\/i0.wp.com\/fomentculturacornella.cat\/wp-content\/uploads\/2022\/05\/IMG_20220313_102106-scaled.jpg?resize=768%2C346&amp;ssl=1 768w, https:\/\/i0.wp.com\/fomentculturacornella.cat\/wp-content\/uploads\/2022\/05\/IMG_20220313_102106-scaled.jpg?resize=1536%2C691&amp;ssl=1 1536w, https:\/\/i0.wp.com\/fomentculturacornella.cat\/wp-content\/uploads\/2022\/05\/IMG_20220313_102106-scaled.jpg?resize=2048%2C922&amp;ssl=1 2048w, https:\/\/i0.wp.com\/fomentculturacornella.cat\/wp-content\/uploads\/2022\/05\/IMG_20220313_102106-scaled.jpg?resize=1200%2C540&amp;ssl=1 1200w, https:\/\/i0.wp.com\/fomentculturacornella.cat\/wp-content\/uploads\/2022\/05\/IMG_20220313_102106-scaled.jpg?w=1680&amp;ssl=1 1680w, https:\/\/i0.wp.com\/fomentculturacornella.cat\/wp-content\/uploads\/2022\/05\/IMG_20220313_102106-scaled.jpg?w=2520&amp;ssl=1 2520w\" sizes=\"(max-width: 378px) 85vw, 378px\" data-recalc-dims=\"1\" \/><\/p>\n<div style=\"width: 840px;\" class=\"wp-video\"><!--[if lt IE 9]><script>document.createElement('video');<\/script><![endif]-->\n<video class=\"wp-video-shortcode\" id=\"video-6-1\" width=\"840\" height=\"473\" preload=\"metadata\" controls=\"controls\"><source type=\"video\/mp4\" src=\"https:\/\/fomentculturacornella.cat\/wp-content\/uploads\/2022\/05\/VID_20220513_212618.mp4?_=1\" \/><a href=\"https:\/\/fomentculturacornella.cat\/wp-content\/uploads\/2022\/05\/VID_20220513_212618.mp4\">https:\/\/fomentculturacornella.cat\/wp-content\/uploads\/2022\/05\/VID_20220513_212618.mp4<\/a><\/video><\/div>\n<p><img data-attachment-id=\"918\" data-permalink=\"https:\/\/fomentculturacornella.cat\/index.php\/entitat-cultural-de-cornella-de-llobregat\/img-20220428-wa0019\/\" data-orig-file=\"https:\/\/i0.wp.com\/fomentculturacornella.cat\/wp-content\/uploads\/2022\/05\/IMG-20220428-WA0019.jpg?fit=1500%2C2000&amp;ssl=1\" data-orig-size=\"1500,2000\" data-comments-opened=\"0\" data-image-meta=\"{&quot;aperture&quot;:&quot;0&quot;,&quot;credit&quot;:&quot;&quot;,&quot;camera&quot;:&quot;&quot;,&quot;caption&quot;:&quot;&quot;,&quot;created_timestamp&quot;:&quot;0&quot;,&quot;copyright&quot;:&quot;&quot;,&quot;focal_length&quot;:&quot;0&quot;,&quot;iso&quot;:&quot;0&quot;,&quot;shutter_speed&quot;:&quot;0&quot;,&quot;title&quot;:&quot;&quot;,&quot;orientation&quot;:&quot;0&quot;}\" data-image-title=\"IMG-20220428-WA0019\" data-image-description=\"\" data-image-caption=\"\" data-medium-file=\"https:\/\/i0.wp.com\/fomentculturacornella.cat\/wp-content\/uploads\/2022\/05\/IMG-20220428-WA0019.jpg?fit=225%2C300&amp;ssl=1\" data-large-file=\"https:\/\/i0.wp.com\/fomentculturacornella.cat\/wp-content\/uploads\/2022\/05\/IMG-20220428-WA0019.jpg?fit=768%2C1024&amp;ssl=1\" decoding=\"async\" loading=\"lazy\" class=\"size-medium wp-image-918 aligncenter\" src=\"https:\/\/i0.wp.com\/fomentculturacornella.cat\/wp-content\/uploads\/2022\/05\/IMG-20220428-WA0019.jpg?resize=225%2C300&#038;ssl=1\" alt=\"\" width=\"225\" height=\"300\" srcset=\"https:\/\/i0.wp.com\/fomentculturacornella.cat\/wp-content\/uploads\/2022\/05\/IMG-20220428-WA0019.jpg?resize=225%2C300&amp;ssl=1 225w, https:\/\/i0.wp.com\/fomentculturacornella.cat\/wp-content\/uploads\/2022\/05\/IMG-20220428-WA0019.jpg?resize=768%2C1024&amp;ssl=1 768w, https:\/\/i0.wp.com\/fomentculturacornella.cat\/wp-content\/uploads\/2022\/05\/IMG-20220428-WA0019.jpg?resize=1152%2C1536&amp;ssl=1 1152w, https:\/\/i0.wp.com\/fomentculturacornella.cat\/wp-content\/uploads\/2022\/05\/IMG-20220428-WA0019.jpg?resize=1200%2C1600&amp;ssl=1 1200w, https:\/\/i0.wp.com\/fomentculturacornella.cat\/wp-content\/uploads\/2022\/05\/IMG-20220428-WA0019.jpg?w=1500&amp;ssl=1 1500w\" sizes=\"(max-width: 225px) 85vw, 225px\" data-recalc-dims=\"1\" \/><\/p>\n<p>Aquesta entitat va ser fundada al 1995 per Francesc Ferm\u00edn, qui va fer una aposta per la cultura popular a la nostra ciutat.<\/p>\n<p>Va tenir la valentia de fer-se c\u00e0rrec dels gegants de la ciutat, tot un repte, i tamb\u00e9 va encarregar la construcci\u00f3 dels cinc dracs que a dia d\u2019avui s\u00f3n una de les millors cartes de presentaci\u00f3 de la secci\u00f3 de foc.<\/p>\n<p>Per tal d\u2019acompanyar els dracs, va reunir un grup de persones que fessin sonar els tabals, els Tabalers de Cua, que fa poc anys que han implementat una secci\u00f3 infantil.<\/p>\n<p>Poc a poc es van anar incorporant nous membres que van encetar la secci\u00f3 de diables i van modificar un dels dracs per refrescar, amb aigua, les festes i cercaviles d\u2019estiu. Al 2017 es va posar en marxa la secci\u00f3 infantil de foc, els Diablets de Cua.<\/p>\n<p>Al llarg d\u2019aquests anys, les diferents seccions han anat evolucionant i canviant, per\u00f2 sempre mantenint l\u2019esperit original, que \u00e9s la difusi\u00f3 de la nostra cultura popular.<\/p>\n<p>El gegant\u00f3 del Mag Maginet va arribar a Foment com a\u00a0 regal de la ciutat de Cornell\u00e0 i tenim l\u00b4honor de fer-lo ballar.<\/p>\n<p>A la Jordiada de 2022 es va presentar la figura de la Fada Ondina, una gegantona que ballar\u00e0 amb el Mag Maginet.<\/p>\n<h2 style=\"text-align: justify;\">Calendari Sortides<\/h2>\n<p><iframe loading=\"lazy\" style=\"border: solid 1px #777;\" src=\"https:\/\/calendar.google.com\/calendar\/embed?height=600&amp;wkst=2&amp;hl=ca&amp;bgcolor=%23ffffff&amp;src=fomentcultura%40gmail.com&amp;color=%23B1365F&amp;src=55dpksqumhn599ek9525dio2vc%40group.calendar.google.com&amp;color=%23AB8B00&amp;src=he2bgerukk3ebbf1g7h0r78qvk%40group.calendar.google.com&amp;color=%23182C57&amp;src=33m1a6pq00q9cd2g81rn9r5k5k%40group.calendar.google.com&amp;color=%23125A12&amp;src=5phbaj8am2l515ss2k39843a50%40group.calendar.google.com&amp;color=%23711616&amp;src=3vptg23msdn7km24ugfrr09f4o%40group.calendar.google.com&amp;color=%23875509&amp;ctz=Europe%2FMadrid\" width=\"800\" height=\"600\" frameborder=\"0\" scrolling=\"no\"><\/iframe><\/p>\n","protected":false},"excerpt":{"rendered":"<p>\u00a0\u00a0 Aquesta entitat va ser fundada al 1995 per Francesc Ferm\u00edn, qui va fer una aposta per la cultura popular a la nostra ciutat. Va tenir la valentia de fer-se c\u00e0rrec dels gegants de la ciutat, tot un repte, i tamb\u00e9 va encarregar la construcci\u00f3 dels cinc dracs que a dia d\u2019avui s\u00f3n una de &hellip; <a href=\"https:\/\/fomentculturacornella.cat\/\" class=\"more-link\">Continua llegint <span class=\"screen-reader-text\">\u00ab\u00bb<\/span><\/a><\/p>\n","protected":false},"author":1,"featured_media":0,"parent":0,"menu_order":0,"comment_status":"closed","ping_status":"closed","template":"","meta":{"jetpack_post_was_ever_published":false},"jetpack_sharing_enabled":true,"jetpack_shortlink":"https:\/\/wp.me\/P7uPvF-6","jetpack-related-posts":[{"id":22,"url":"https:\/\/fomentculturacornella.cat\/index.php\/entitat-cultural-de-cornella-de-llobregat\/gralles-i-tabals-de-gegants\/","url_meta":{"origin":6,"position":0},"title":"Gralles i tabals de gegants","date":"22 de mar\u00e7 de 2016","format":false,"excerpt":"La m\u00fasica de gegants \u00e9s un component indispensable al m\u00f3n geganter, ja que els gegants surten a ballar i passejar pels pobles i ciutats, celebrant que \u00e9s festa. El nostre grup no deixa de evolucionar, de millorar, i cada ball \u00e9s tota una demostraci\u00f3 de la feina feta als assaigs.\u2026","rel":"","context":"Similar post","img":{"alt_text":"","src":"","width":0,"height":0},"classes":[]},{"id":40,"url":"https:\/\/fomentculturacornella.cat\/index.php\/tabalers-de-cua-petits\/","url_meta":{"origin":6,"position":1},"title":"Tabals de Cua Petits","date":"22 de mar\u00e7 de 2016","format":false,"excerpt":"La nostra secci\u00f3 de tabals infantil est\u00e0 formada per nens i nenes de 5 a 12 anys. Aqu\u00ed els podeu veure en acci\u00f3 acompanyant als nostres Dracs de Cua!! Tabalers Infantils de Cua","rel":"","context":"In &quot;Sin categor\u00eda&quot;","img":{"alt_text":"","src":"https:\/\/i0.wp.com\/fomentculturacornella.cat\/wp-content\/uploads\/2022\/03\/IMG-20220313-WA0018.jpg?resize=350%2C200","width":350,"height":200},"classes":[]},{"id":33,"url":"https:\/\/fomentculturacornella.cat\/index.php\/drac-daigua\/","url_meta":{"origin":6,"position":2},"title":"Drac D&#8217;Aigua","date":"22 de mar\u00e7 de 2016","format":false,"excerpt":"El nostre Drac D'aigua es torna protagonista amb el bon temps. Referesca qualsevol festa o cercavila amb els seus sortidors d'aigua i la seva mobilitat. Va acompanyat dels nostres diables i diablesses aiguadors, que s\u00f3n molt entremaliats\/es i els\/les agrada mullar a tothom.","rel":"","context":"Similar post","img":{"alt_text":"","src":"","width":0,"height":0},"classes":[]},{"id":827,"url":"https:\/\/fomentculturacornella.cat\/index.php\/25-aniversari-de-foment\/","url_meta":{"origin":6,"position":3},"title":"25 Aniversari de Foment","date":"1 de mar\u00e7 de 2020","format":false,"excerpt":"Al 2020 Foment de Cultura Popular de Cornell\u00e0 va fer 25 anys. Malauradament el 2020 no va anar com ens esper\u00e0vem, potser al 2025 podrem celebrar el 30\u00e8 aniversari! Ens veiem als carrers, sempre de festa!","rel":"","context":"Similar post","img":{"alt_text":"","src":"","width":0,"height":0},"classes":[]},{"id":249,"url":"https:\/\/fomentculturacornella.cat\/index.php\/diablets-de-cua\/","url_meta":{"origin":6,"position":4},"title":"Diablets de Cua","date":"28 de maig de 2017","format":false,"excerpt":"El 27 de maig van ser presentats a la ciutat de Cornell\u00e0 els Diablets de Cua, la colla de diables i diablesses infantil de Cua de Drac (Foment de Cultura Popular de Cornell\u00e0). Van ser apadrinats per la Companyia General del Foc de Gav\u00e0 i com a colles infantils convidades\u2026","rel":"","context":"Similar post","img":{"alt_text":"","src":"","width":0,"height":0},"classes":[]},{"id":29,"url":"https:\/\/fomentculturacornella.cat\/index.php\/dracs-i-diables-de-cua\/","url_meta":{"origin":6,"position":5},"title":"Dracs i Diables de Cua","date":"22 de mar\u00e7 de 2016","format":false,"excerpt":"Amb la secci\u00f3 de Dracs va comen\u00e7ar tot. Aquests cinc dracs van ser els primers en cremar a la nostra colla. Semblen iguals, per\u00f2 hi ha petits matissos que els fan \u00fanics. Si us fixeu b\u00e9 trobareu les difer\u00e8ncies. Van ser creats pel Taller Sarandaca. \u00a0 La nostra secci\u00f3 de\u2026","rel":"","context":"Similar post","img":{"alt_text":"dracs","src":"https:\/\/i0.wp.com\/fomentculturacornella.cat\/wp-content\/uploads\/2016\/03\/dracs.jpg?resize=350%2C200","width":350,"height":200},"classes":[]}],"_links":{"self":[{"href":"https:\/\/fomentculturacornella.cat\/index.php\/wp-json\/wp\/v2\/pages\/6"}],"collection":[{"href":"https:\/\/fomentculturacornella.cat\/index.php\/wp-json\/wp\/v2\/pages"}],"about":[{"href":"https:\/\/fomentculturacornella.cat\/index.php\/wp-json\/wp\/v2\/types\/page"}],"author":[{"embeddable":true,"href":"https:\/\/fomentculturacornella.cat\/index.php\/wp-json\/wp\/v2\/users\/1"}],"replies":[{"embeddable":true,"href":"https:\/\/fomentculturacornella.cat\/index.php\/wp-json\/wp\/v2\/comments?post=6"}],"version-history":[{"count":25,"href":"https:\/\/fomentculturacornella.cat\/index.php\/wp-json\/wp\/v2\/pages\/6\/revisions"}],"predecessor-version":[{"id":921,"href":"https:\/\/fomentculturacornella.cat\/index.php\/wp-json\/wp\/v2\/pages\/6\/revisions\/921"}],"wp:attachment":[{"href":"https:\/\/fomentculturacornella.cat\/index.php\/wp-json\/wp\/v2\/media?parent=6"}],"curies":[{"name":"wp","href":"https:\/\/api.w.org\/{rel}","templated":true}]}}